{"id":12,"date":"2025-03-31T12:32:26","date_gmt":"2025-03-31T12:32:26","guid":{"rendered":"https:\/\/wndesign.pl\/?page_id=12"},"modified":"2025-07-20T08:42:20","modified_gmt":"2025-07-20T08:42:20","slug":"o-mnie","status":"publish","type":"page","link":"https:\/\/wndesign.pl\/index.php\/o-mnie\/","title":{"rendered":"O mnie"},"content":{"rendered":"\n<figure class=\"wp-block-image size-large\"><img loading=\"lazy\" decoding=\"async\" width=\"706\" height=\"1024\" src=\"http:\/\/wndesign.pl\/wp-content\/uploads\/2025\/04\/wn-moje-na-strone-706x1024.jpg\" alt=\"\" class=\"wp-image-33\" srcset=\"https:\/\/wndesign.pl\/wp-content\/uploads\/2025\/04\/wn-moje-na-strone-706x1024.jpg 706w, https:\/\/wndesign.pl\/wp-content\/uploads\/2025\/04\/wn-moje-na-strone-207x300.jpg 207w, https:\/\/wndesign.pl\/wp-content\/uploads\/2025\/04\/wn-moje-na-strone-768x1114.jpg 768w, https:\/\/wndesign.pl\/wp-content\/uploads\/2025\/04\/wn-moje-na-strone.jpg 912w\" sizes=\"auto, (max-width: 706px) 100vw, 706px\" \/><\/figure>\n\n\n\n<h4 class=\"wp-block-heading\">Tw\u00f3j pomys\u0142, moja realizacja<\/h4>\n\n\n\n<h2 class=\"wp-block-heading\">Do\u015bwiadczenie, dba\u0142o\u015b\u0107<br>o szczeg\u00f3\u0142y, kreatywno\u015b\u0107 i pasja<\/h2>\n\n\n\n<p>Od 2007 roku zajmuj\u0119 si\u0119 profesjonalnie grafik\u0105, realizuj\u0105c projekty dla du\u017cych i ma\u0142ych firm. Do ka\u017cdego zlecenia podchodz\u0119 indywidualnie i z jednakow\u0105 staranno\u015bci\u0105, czego dowodem s\u0105 opinie zadowolonych Klient\u00f3w. Dzi\u0119ki wieloletniemu do\u015bwiadczeniu realizuj\u0119 us\u0142ugi kompleksowo: od projektu a\u017c po druk. <\/p>\n\n\n\n<p>Moja specjalizacja to: <br>&#8211; projektowanie logo, wizyt\u00f3wek, ulotek, plakat\u00f3w, kalendarzy, folder\u00f3w itp.,<br>&#8211; sk\u0142ad czasopism, gazet, album\u00f3w, ksi\u0105\u017cek itp.,<br>&#8211; obr\u00f3bka zdj\u0119\u0107, redagowanie tekstu i korekta j\u0119zykowa,<br>&#8211; tworzenie grafik do tre\u015bci publikowanych w social media, np. wydarzenia, nag\u0142\u00f3wki stron firmowych na fb, stopki do e-mail itp.<\/p>\n\n\n\n<p>Prywatnie jestem ojcem dw\u00f3jki wspania\u0142ych dzieci. Pasjonuj\u0119 si\u0119 kulinariami i uwielbiam podr\u00f3\u017cowa\u0107. Umiem przygotowa\u0107 pyszne koktajle i nie\u0142atwo wygra\u0107 ze mn\u0105 w bilarda;-)<\/p>\n\n\n\n<div class=\"wp-block-group alignwide is-content-justification-space-between is-layout-flex wp-container-core-group-is-layout-9366075c wp-block-group-is-layout-flex\">\n<figure class=\"wp-block-image aligncenter size-full is-resized\"><img loading=\"lazy\" decoding=\"async\" width=\"500\" height=\"488\" src=\"https:\/\/wndesign.pl\/wp-content\/uploads\/2025\/04\/Adobe_Photoshop_CC_icon.svg-1.png\" alt=\"\" class=\"wp-image-69\" style=\"width:80px;height:auto\" srcset=\"https:\/\/wndesign.pl\/wp-content\/uploads\/2025\/04\/Adobe_Photoshop_CC_icon.svg-1.png 500w, https:\/\/wndesign.pl\/wp-content\/uploads\/2025\/04\/Adobe_Photoshop_CC_icon.svg-1-300x293.png 300w\" sizes=\"auto, (max-width: 500px) 100vw, 500px\" \/><\/figure>\n\n\n\n<figure class=\"wp-block-image aligncenter size-full is-resized\"><img loading=\"lazy\" decoding=\"async\" width=\"500\" height=\"488\" src=\"http:\/\/wndesign.pl\/wp-content\/uploads\/2025\/04\/Adobe_Illustrator_CC_icon.svg_.png\" alt=\"\" class=\"wp-image-70\" style=\"width:78px;height:auto\" srcset=\"https:\/\/wndesign.pl\/wp-content\/uploads\/2025\/04\/Adobe_Illustrator_CC_icon.svg_.png 500w, https:\/\/wndesign.pl\/wp-content\/uploads\/2025\/04\/Adobe_Illustrator_CC_icon.svg_-300x293.png 300w\" sizes=\"auto, (max-width: 500px) 100vw, 500px\" \/><\/figure>\n\n\n\n<figure class=\"wp-block-image aligncenter size-full is-resized\"><img loading=\"lazy\" decoding=\"async\" width=\"500\" height=\"488\" src=\"https:\/\/wndesign.pl\/wp-content\/uploads\/2025\/04\/Adobe_InDesign_CC_icon.svg_.png\" alt=\"\" class=\"wp-image-71\" style=\"width:80px;height:auto\" srcset=\"https:\/\/wndesign.pl\/wp-content\/uploads\/2025\/04\/Adobe_InDesign_CC_icon.svg_.png 500w, https:\/\/wndesign.pl\/wp-content\/uploads\/2025\/04\/Adobe_InDesign_CC_icon.svg_-300x293.png 300w\" sizes=\"auto, (max-width: 500px) 100vw, 500px\" \/><\/figure>\n\n\n\n<figure class=\"wp-block-image aligncenter size-full is-resized\"><img loading=\"lazy\" decoding=\"async\" width=\"240\" height=\"240\" src=\"https:\/\/wndesign.pl\/wp-content\/uploads\/2025\/04\/icons8-corel-draw-240.png\" alt=\"\" class=\"wp-image-72\" style=\"width:100px;height:auto\" srcset=\"https:\/\/wndesign.pl\/wp-content\/uploads\/2025\/04\/icons8-corel-draw-240.png 240w, https:\/\/wndesign.pl\/wp-content\/uploads\/2025\/04\/icons8-corel-draw-240-150x150.png 150w\" sizes=\"auto, (max-width: 240px) 100vw, 240px\" \/><\/figure>\n\n\n\n<figure class=\"wp-block-image aligncenter size-full is-resized\"><img loading=\"lazy\" decoding=\"async\" width=\"740\" height=\"740\" src=\"https:\/\/wndesign.pl\/wp-content\/uploads\/2025\/04\/AI-logo.jpg\" alt=\"\" class=\"wp-image-73\" style=\"width:80px;height:auto\" srcset=\"https:\/\/wndesign.pl\/wp-content\/uploads\/2025\/04\/AI-logo.jpg 740w, https:\/\/wndesign.pl\/wp-content\/uploads\/2025\/04\/AI-logo-300x300.jpg 300w, https:\/\/wndesign.pl\/wp-content\/uploads\/2025\/04\/AI-logo-150x150.jpg 150w\" sizes=\"auto, (max-width: 740px) 100vw, 740px\" \/><\/figure>\n<\/div>\n","protected":false},"excerpt":{"rendered":"<p>Tw\u00f3j pomys\u0142, moja realizacja Do\u015bwiadczenie, dba\u0142o\u015b\u0107o szczeg\u00f3\u0142y, kreatywno\u015b\u0107 i pasja Od 2007 roku zajmuj\u0119 si\u0119 profesjonalnie grafik\u0105, realizuj\u0105c projekty dla du\u017cych i ma\u0142ych firm. Do ka\u017cdego zlecenia podchodz\u0119 indywidualnie i z jednakow\u0105 staranno\u015bci\u0105, czego dowodem s\u0105 opinie zadowolonych Klient\u00f3w. Dzi\u0119ki wieloletniemu do\u015bwiadczeniu realizuj\u0119 us\u0142ugi kompleksowo: od projektu a\u017c po druk. Moja specjalizacja to: &#8211; projektowanie [&hellip;]<\/p>\n","protected":false},"author":1,"featured_media":0,"parent":0,"menu_order":0,"comment_status":"closed","ping_status":"closed","template":"","meta":{"footnotes":""},"class_list":["post-12","page","type-page","status-publish","hentry"],"yoast_head":"<!-- This site is optimized with the Yoast SEO plugin v25.3 - https:\/\/yoast.com\/wordpress\/plugins\/seo\/ -->\n<title>O mnie - WN Design<\/title>\n<meta name=\"robots\" content=\"index, follow, max-snippet:-1, max-image-preview:large, max-video-preview:-1\" \/>\n<link rel=\"canonical\" href=\"https:\/\/wndesign.pl\/index.php\/o-mnie\/\" \/>\n<meta property=\"og:locale\" content=\"pl_PL\" \/>\n<meta property=\"og:type\" content=\"article\" \/>\n<meta property=\"og:title\" content=\"O mnie - WN Design\" \/>\n<meta property=\"og:description\" content=\"Tw\u00f3j pomys\u0142, moja realizacja Do\u015bwiadczenie, dba\u0142o\u015b\u0107o szczeg\u00f3\u0142y, kreatywno\u015b\u0107 i pasja Od 2007 roku zajmuj\u0119 si\u0119 profesjonalnie grafik\u0105, realizuj\u0105c projekty dla du\u017cych i ma\u0142ych firm. Do ka\u017cdego zlecenia podchodz\u0119 indywidualnie i z jednakow\u0105 staranno\u015bci\u0105, czego dowodem s\u0105 opinie zadowolonych Klient\u00f3w. Dzi\u0119ki wieloletniemu do\u015bwiadczeniu realizuj\u0119 us\u0142ugi kompleksowo: od projektu a\u017c po druk. Moja specjalizacja to: &#8211; projektowanie [&hellip;]\" \/>\n<meta property=\"og:url\" content=\"https:\/\/wndesign.pl\/index.php\/o-mnie\/\" \/>\n<meta property=\"og:site_name\" content=\"WN Design\" \/>\n<meta property=\"article:publisher\" content=\"https:\/\/www.facebook.com\/profile.php?id=100086936483810&amp;locale=pl_PL\" \/>\n<meta property=\"article:modified_time\" content=\"2025-07-20T08:42:20+00:00\" \/>\n<meta property=\"og:image\" content=\"https:\/\/wndesign.pl\/wp-content\/uploads\/2025\/04\/wn-moje-na-strone.jpg\" \/>\n\t<meta property=\"og:image:width\" content=\"912\" \/>\n\t<meta property=\"og:image:height\" content=\"1323\" \/>\n\t<meta property=\"og:image:type\" content=\"image\/jpeg\" \/>\n<meta name=\"twitter:card\" content=\"summary_large_image\" \/>\n<meta name=\"twitter:label1\" content=\"Szacowany czas czytania\" \/>\n\t<meta name=\"twitter:data1\" content=\"2 minuty\" \/>\n<script type=\"application\/ld+json\" class=\"yoast-schema-graph\">{\"@context\":\"https:\/\/schema.org\",\"@graph\":[{\"@type\":\"WebPage\",\"@id\":\"https:\/\/wndesign.pl\/index.php\/o-mnie\/\",\"url\":\"https:\/\/wndesign.pl\/index.php\/o-mnie\/\",\"name\":\"O mnie - WN Design\",\"isPartOf\":{\"@id\":\"https:\/\/wndesign.pl\/#website\"},\"primaryImageOfPage\":{\"@id\":\"https:\/\/wndesign.pl\/index.php\/o-mnie\/#primaryimage\"},\"image\":{\"@id\":\"https:\/\/wndesign.pl\/index.php\/o-mnie\/#primaryimage\"},\"thumbnailUrl\":\"http:\/\/wndesign.pl\/wp-content\/uploads\/2025\/04\/wn-moje-na-strone-706x1024.jpg\",\"datePublished\":\"2025-03-31T12:32:26+00:00\",\"dateModified\":\"2025-07-20T08:42:20+00:00\",\"breadcrumb\":{\"@id\":\"https:\/\/wndesign.pl\/index.php\/o-mnie\/#breadcrumb\"},\"inLanguage\":\"pl-PL\",\"potentialAction\":[{\"@type\":\"ReadAction\",\"target\":[\"https:\/\/wndesign.pl\/index.php\/o-mnie\/\"]}]},{\"@type\":\"ImageObject\",\"inLanguage\":\"pl-PL\",\"@id\":\"https:\/\/wndesign.pl\/index.php\/o-mnie\/#primaryimage\",\"url\":\"https:\/\/wndesign.pl\/wp-content\/uploads\/2025\/04\/wn-moje-na-strone.jpg\",\"contentUrl\":\"https:\/\/wndesign.pl\/wp-content\/uploads\/2025\/04\/wn-moje-na-strone.jpg\",\"width\":912,\"height\":1323},{\"@type\":\"BreadcrumbList\",\"@id\":\"https:\/\/wndesign.pl\/index.php\/o-mnie\/#breadcrumb\",\"itemListElement\":[{\"@type\":\"ListItem\",\"position\":1,\"name\":\"Strona g\u0142\u00f3wna\",\"item\":\"https:\/\/wndesign.pl\/\"},{\"@type\":\"ListItem\",\"position\":2,\"name\":\"O mnie\"}]},{\"@type\":\"WebSite\",\"@id\":\"https:\/\/wndesign.pl\/#website\",\"url\":\"https:\/\/wndesign.pl\/\",\"name\":\"WN Design\",\"description\":\"Projektowanie graficzne\",\"publisher\":{\"@id\":\"https:\/\/wndesign.pl\/#organization\"},\"potentialAction\":[{\"@type\":\"SearchAction\",\"target\":{\"@type\":\"EntryPoint\",\"urlTemplate\":\"https:\/\/wndesign.pl\/?s={search_term_string}\"},\"query-input\":{\"@type\":\"PropertyValueSpecification\",\"valueRequired\":true,\"valueName\":\"search_term_string\"}}],\"inLanguage\":\"pl-PL\"},{\"@type\":\"Organization\",\"@id\":\"https:\/\/wndesign.pl\/#organization\",\"name\":\"WN Design\",\"url\":\"https:\/\/wndesign.pl\/\",\"logo\":{\"@type\":\"ImageObject\",\"inLanguage\":\"pl-PL\",\"@id\":\"https:\/\/wndesign.pl\/#\/schema\/logo\/image\/\",\"url\":\"https:\/\/wndesign.pl\/wp-content\/uploads\/2025\/06\/3523050f-85e3-4400-8ab5-349f7515d827.jpg\",\"contentUrl\":\"https:\/\/wndesign.pl\/wp-content\/uploads\/2025\/06\/3523050f-85e3-4400-8ab5-349f7515d827.jpg\",\"width\":512,\"height\":512,\"caption\":\"WN Design\"},\"image\":{\"@id\":\"https:\/\/wndesign.pl\/#\/schema\/logo\/image\/\"},\"sameAs\":[\"https:\/\/www.facebook.com\/profile.php?id=100086936483810&locale=pl_PL\"]}]}<\/script>\n<!-- \/ Yoast SEO plugin. -->","yoast_head_json":{"title":"O mnie - WN Design","robots":{"index":"index","follow":"follow","max-snippet":"max-snippet:-1","max-image-preview":"max-image-preview:large","max-video-preview":"max-video-preview:-1"},"canonical":"https:\/\/wndesign.pl\/index.php\/o-mnie\/","og_locale":"pl_PL","og_type":"article","og_title":"O mnie - WN Design","og_description":"Tw\u00f3j pomys\u0142, moja realizacja Do\u015bwiadczenie, dba\u0142o\u015b\u0107o szczeg\u00f3\u0142y, kreatywno\u015b\u0107 i pasja Od 2007 roku zajmuj\u0119 si\u0119 profesjonalnie grafik\u0105, realizuj\u0105c projekty dla du\u017cych i ma\u0142ych firm. Do ka\u017cdego zlecenia podchodz\u0119 indywidualnie i z jednakow\u0105 staranno\u015bci\u0105, czego dowodem s\u0105 opinie zadowolonych Klient\u00f3w. Dzi\u0119ki wieloletniemu do\u015bwiadczeniu realizuj\u0119 us\u0142ugi kompleksowo: od projektu a\u017c po druk. Moja specjalizacja to: &#8211; projektowanie [&hellip;]","og_url":"https:\/\/wndesign.pl\/index.php\/o-mnie\/","og_site_name":"WN Design","article_publisher":"https:\/\/www.facebook.com\/profile.php?id=100086936483810&locale=pl_PL","article_modified_time":"2025-07-20T08:42:20+00:00","og_image":[{"width":912,"height":1323,"url":"https:\/\/wndesign.pl\/wp-content\/uploads\/2025\/04\/wn-moje-na-strone.jpg","type":"image\/jpeg"}],"twitter_card":"summary_large_image","twitter_misc":{"Szacowany czas czytania":"2 minuty"},"schema":{"@context":"https:\/\/schema.org","@graph":[{"@type":"WebPage","@id":"https:\/\/wndesign.pl\/index.php\/o-mnie\/","url":"https:\/\/wndesign.pl\/index.php\/o-mnie\/","name":"O mnie - WN Design","isPartOf":{"@id":"https:\/\/wndesign.pl\/#website"},"primaryImageOfPage":{"@id":"https:\/\/wndesign.pl\/index.php\/o-mnie\/#primaryimage"},"image":{"@id":"https:\/\/wndesign.pl\/index.php\/o-mnie\/#primaryimage"},"thumbnailUrl":"http:\/\/wndesign.pl\/wp-content\/uploads\/2025\/04\/wn-moje-na-strone-706x1024.jpg","datePublished":"2025-03-31T12:32:26+00:00","dateModified":"2025-07-20T08:42:20+00:00","breadcrumb":{"@id":"https:\/\/wndesign.pl\/index.php\/o-mnie\/#breadcrumb"},"inLanguage":"pl-PL","potentialAction":[{"@type":"ReadAction","target":["https:\/\/wndesign.pl\/index.php\/o-mnie\/"]}]},{"@type":"ImageObject","inLanguage":"pl-PL","@id":"https:\/\/wndesign.pl\/index.php\/o-mnie\/#primaryimage","url":"https:\/\/wndesign.pl\/wp-content\/uploads\/2025\/04\/wn-moje-na-strone.jpg","contentUrl":"https:\/\/wndesign.pl\/wp-content\/uploads\/2025\/04\/wn-moje-na-strone.jpg","width":912,"height":1323},{"@type":"BreadcrumbList","@id":"https:\/\/wndesign.pl\/index.php\/o-mnie\/#breadcrumb","itemListElement":[{"@type":"ListItem","position":1,"name":"Strona g\u0142\u00f3wna","item":"https:\/\/wndesign.pl\/"},{"@type":"ListItem","position":2,"name":"O mnie"}]},{"@type":"WebSite","@id":"https:\/\/wndesign.pl\/#website","url":"https:\/\/wndesign.pl\/","name":"WN Design","description":"Projektowanie graficzne","publisher":{"@id":"https:\/\/wndesign.pl\/#organization"},"potentialAction":[{"@type":"SearchAction","target":{"@type":"EntryPoint","urlTemplate":"https:\/\/wndesign.pl\/?s={search_term_string}"},"query-input":{"@type":"PropertyValueSpecification","valueRequired":true,"valueName":"search_term_string"}}],"inLanguage":"pl-PL"},{"@type":"Organization","@id":"https:\/\/wndesign.pl\/#organization","name":"WN Design","url":"https:\/\/wndesign.pl\/","logo":{"@type":"ImageObject","inLanguage":"pl-PL","@id":"https:\/\/wndesign.pl\/#\/schema\/logo\/image\/","url":"https:\/\/wndesign.pl\/wp-content\/uploads\/2025\/06\/3523050f-85e3-4400-8ab5-349f7515d827.jpg","contentUrl":"https:\/\/wndesign.pl\/wp-content\/uploads\/2025\/06\/3523050f-85e3-4400-8ab5-349f7515d827.jpg","width":512,"height":512,"caption":"WN Design"},"image":{"@id":"https:\/\/wndesign.pl\/#\/schema\/logo\/image\/"},"sameAs":["https:\/\/www.facebook.com\/profile.php?id=100086936483810&locale=pl_PL"]}]}},"_links":{"self":[{"href":"https:\/\/wndesign.pl\/index.php\/wp-json\/wp\/v2\/pages\/12","targetHints":{"allow":["GET"]}}],"collection":[{"href":"https:\/\/wndesign.pl\/index.php\/wp-json\/wp\/v2\/pages"}],"about":[{"href":"https:\/\/wndesign.pl\/index.php\/wp-json\/wp\/v2\/types\/page"}],"author":[{"embeddable":true,"href":"https:\/\/wndesign.pl\/index.php\/wp-json\/wp\/v2\/users\/1"}],"replies":[{"embeddable":true,"href":"https:\/\/wndesign.pl\/index.php\/wp-json\/wp\/v2\/comments?post=12"}],"version-history":[{"count":7,"href":"https:\/\/wndesign.pl\/index.php\/wp-json\/wp\/v2\/pages\/12\/revisions"}],"predecessor-version":[{"id":387,"href":"https:\/\/wndesign.pl\/index.php\/wp-json\/wp\/v2\/pages\/12\/revisions\/387"}],"wp:attachment":[{"href":"https:\/\/wndesign.pl\/index.php\/wp-json\/wp\/v2\/media?parent=12"}],"curies":[{"name":"wp","href":"https:\/\/api.w.org\/{rel}","templated":true}]}}